{"id":278,"date":"2024-07-29T18:37:58","date_gmt":"2024-07-29T18:37:58","guid":{"rendered":"https:\/\/hgu2read.de\/?page_id=278"},"modified":"2024-07-29T18:53:39","modified_gmt":"2024-07-29T18:53:39","slug":"katechesekonzepte","status":"publish","type":"page","link":"https:\/\/hgu2read.de\/interessen\/gemeindeleitung\/katechesekonzepte\/","title":{"rendered":"Katechesekonzepte"},"content":{"rendered":"<h1>Vor\u00fcberlegungen<\/h1>\n<p>Leitungshandeln, gerade im Umfeld von Gemeindeleitung, wird stark von den inneren Bildern gepr\u00e4gt sein, die Kirchenwirklichkeit beschreiben.<\/p>\n<p>Diese Posts f\u00fchlen sich Vorstellungen des Theologen Siegfried Wiedenhofer verbunden, der kirchliche Wirklichkeit in Ebenen beschreibt.<\/p>\n<p><img decoding=\"async\" src=\"https:\/\/hgu2read.de\/wp-content\/uploads\/2024\/06\/EbenenKirchlichkeit-300x175.jpg\" alt=\"\" \/><\/p>\n<p>Diese Vorstellungen werden <a href=\"https:\/\/hgu2read.de\/kirchenbilder\/\" title=\"hier\">hier<\/a> ausf\u00fchrlicher bedacht.<\/p>\n<p>Pers\u00f6nlich finde ich es wichtig, von unterschiedlichen Impulsen in der weltweiten Christenheit zu lernen. Und so habe ich gerne einen Zugang aus der nordamerikanischen Kirche aufgegriffen, der die beiden Ebenen<\/p>\n<ul>\n<li>Familie (Priestertum der Getauften)<\/li>\n<li>Gemeinde (Dienstamt vor Ort)<br \/>\ngemeinsam st\u00e4rken m\u00f6chte.<\/li>\n<\/ul>\n<p>Dieser Ansatz ist im deutschsprachigen Raum unter dem Slogan ,,<strong>Lebe Orange!<\/strong>'' bekannt. Dabei wird versucht, zwei Ebenen von Kirchlichkeit,  die personale Gemeinde und die Ortsgemeinde zugleich und durchg\u00e4ngig zu st\u00e4rken. Diese Option und die Beobachtung, dass ,,belonging bevor believing'' kommt und die meisten Menschen zu personalen Gemeinden\/Gruppen geh\u00f6ren, zieht  als Konsequenz Priorit\u00e4ten f\u00fcr die Gemeindearbeit nach sich.<\/p>\n<p>Die Farbe Orange im Slogan entsteht durch die Farben:<\/p>\n<ul>\n<li>Rot - mit den Familien verbunden (belonging)<\/li>\n<li>Gelb - f\u00fcr die Ortsgemeinde  (believing).<\/li>\n<\/ul>\n<p>,,<strong>Lebe Orange!<\/strong>'' versteht sich als ein strategischer Ansatz zur bewussten  F\u00f6rderung einer J\u00fcngerschaftsbeziehung, oder mit anderen Worten, betont die Lerngemeinschaft als wichtige Seite von Kirche. Mehr dazu in <a href=\"https:\/\/hgu2read.de\/lerngemeinschaft-kirche\/\" title=\"Lerngemeinschaft Kirche\">diesem Beitrag<\/a>.<\/p>\n","protected":false},"excerpt":{"rendered":"<p>Vor\u00fcberlegungen Leitungshandeln, gerade im Umfeld von Gemeindeleitung, wird stark von den inneren Bildern gepr\u00e4gt sein, die Kirchenwirklichkeit beschreiben. Diese Posts f\u00fchlen sich Vorstellungen des Theologen Siegfried Wiedenhofer verbunden, der kirchliche Wirklichkeit in Ebenen beschreibt. Diese Vorstellungen werden hier ausf\u00fchrlicher bedacht. Pers\u00f6nlich finde ich es wichtig, von unterschiedlichen Impulsen in der weltweiten Christenheit zu lernen. Und [&hellip;]<\/p>\n","protected":false},"author":2,"featured_media":0,"parent":203,"menu_order":0,"comment_status":"closed","ping_status":"closed","template":"","meta":{"activitypub_content_warning":"","activitypub_content_visibility":"","activitypub_max_image_attachments":3,"activitypub_interaction_policy_quote":"anyone","activitypub_status":"federated","footnotes":""},"class_list":["post-278","page","type-page","status-publish","hentry"],"_links":{"self":[{"href":"https:\/\/hgu2read.de\/interessen\/wp-json\/wp\/v2\/pages\/278","targetHints":{"allow":["GET"]}}],"collection":[{"href":"https:\/\/hgu2read.de\/interessen\/wp-json\/wp\/v2\/pages"}],"about":[{"href":"https:\/\/hgu2read.de\/interessen\/wp-json\/wp\/v2\/types\/page"}],"author":[{"embeddable":true,"href":"https:\/\/hgu2read.de\/interessen\/wp-json\/wp\/v2\/users\/2"}],"replies":[{"embeddable":true,"href":"https:\/\/hgu2read.de\/interessen\/wp-json\/wp\/v2\/comments?post=278"}],"version-history":[{"count":10,"href":"https:\/\/hgu2read.de\/interessen\/wp-json\/wp\/v2\/pages\/278\/revisions"}],"predecessor-version":[{"id":289,"href":"https:\/\/hgu2read.de\/interessen\/wp-json\/wp\/v2\/pages\/278\/revisions\/289"}],"up":[{"embeddable":true,"href":"https:\/\/hgu2read.de\/interessen\/wp-json\/wp\/v2\/pages\/203"}],"wp:attachment":[{"href":"https:\/\/hgu2read.de\/interessen\/wp-json\/wp\/v2\/media?parent=278"}],"curies":[{"name":"wp","href":"https:\/\/api.w.org\/{rel}","templated":true}]}}