{"id":499,"date":"2025-02-15T20:13:05","date_gmt":"2025-02-15T20:13:05","guid":{"rendered":"https:\/\/hgu2read.de\/interessen\/?page_id=499"},"modified":"2025-03-12T18:49:53","modified_gmt":"2025-03-12T18:49:53","slug":"lad-inhaltsangabe","status":"publish","type":"page","link":"https:\/\/hgu2read.de\/interessen\/interessen\/lebensspur\/lad-inhaltsangabe\/","title":{"rendered":"LAD-Inhaltsangabe"},"content":{"rendered":"<p>Wie kann es gelingen, Weisheit und Mut zu bewahren, wenn die Welt zerf\u00e4llt?<\/p>\n<p>Dieser Frage stellt sich Brian McLaren in seinem Buch <strong>LIFE <em>after<\/em> DOOM<\/strong><\/p>\n<p>Diese Frage ist f\u00fcr viele so bedrohlich, dass sie verdr\u00e4ngt wird. Der Umgang damit ist nicht einfach und wird bewusst durch den Autor begleitet. Am Ende eines jeden Kapitels gibt es Fragen an die lesende Person. Au\u00dferdem werden Lesende immer wieder ermutigt, sich mit anderen \u00fcber ihre Gedanken auszutauschen.<\/p>\n<p>An den Anfang der Beitr\u00e4ge zu diesem Buch soll kurz die gew\u00e4hlte Struktur beschrieben werden. Sie greift eine Vorstellung von <a href=\"https:\/\/ottoscharmer.com\/\" title=\"O. Scharmer, die Theorie U\">O. Scharmer, die Theorie U<\/a>, auf.<\/p>\n<p>Ein<a href=\"https:\/\/hgu2read.de\/interessen\/interessen\/lebensspur\/lad-loslassen\/\" title=\" erster Teil\"> erster Teil<\/a> steht unter der \u00dcberschrift <strong>Loslassen: ein Pfad des Abstiegs<\/strong><\/p>\n<p>mit den einzelnen Kapitel\u00fcberschriften<\/p>\n<ul>\n<li>Aufwachen<\/li>\n<li>Willkommen in der Wirklichkeit<\/li>\n<li>Achte auf dein Denken<\/li>\n<li>Lass die Dichter ran<\/li>\n<li>Sch\u00e4dliche Narrative verlassen<\/li>\n<li>Hoffnung ist kompliziert<\/li>\n<\/ul>\n<p>dann folgt<a href=\"https:\/\/hgu2read.de\/interessen\/interessen\/lebensspur\/lad-seinlassen\/\" title=\" ein Teil \"> ein Teil <\/a>mit der \u00dcberschrift <strong>Seinlassen: ein Ort der Einsicht<\/strong><\/p>\n<p>mit den Kapitel\u00fcberschriften<\/p>\n<ul>\n<li>Sehen lernen<\/li>\n<li>Indigene Weisheit suchen<\/li>\n<li>Lese die Bibel nicht (in der bisherigen Weise)<\/li>\n<li>Vielleicht ist es gut, vielleicht nicht<\/li>\n<li>Ich bin ein Licht<\/li>\n<li>Starte mit Schritt eins<\/li>\n<\/ul>\n<p>der <a href=\"https:\/\/hgu2read.de\/interessen\/interessen\/lebensspur\/lad-zulassen\/\" title=\"n\u00e4chste Teil \">n\u00e4chste Teil <\/a>hat dann die \u00dcberschrift <strong>Zulassen: ein Pfad der Resilienz<\/strong><\/p>\n<p>mit den Kapitel\u00fcberschriften<\/p>\n<ul>\n<li>Wir sind hier nicht die Ersten<\/li>\n<li>Stell dir eine sichere Landung und einen neuen Beginn vor<\/li>\n<li>Es braucht nur 2 oder 3<\/li>\n<li>Wenn das Leben hart wird, werden wir h\u00e4rter.<\/li>\n<\/ul>\n<p>und der inhaltliche <a href=\"https:\/\/hgu2read.de\/interessen\/interessen\/lebensspur\/lad-freisetzen\/\" title=\"Teil \">Teil <\/a>schlie\u00dft mit der \u00dcberschrift <strong>Freisetzen: ein Pfad von wendigem Engagement<\/strong> <\/p>\n<p>mit den Kapitel\u00fcberschriften<\/p>\n<ul>\n<li>\u00dcberflie\u00dfende Sch\u00f6nheit<\/li>\n<li>Was f\u00fcr eine Zeit, lebendig zu sein<\/li>\n<li>Teile mit ihnen die Vision<\/li>\n<li>Finde dein Licht und lass es leuchten<\/li>\n<li>Weg wird Weg im Gehen<\/li>\n<\/ul>\n","protected":false},"excerpt":{"rendered":"<p>Wie kann es gelingen, Weisheit und Mut zu bewahren, wenn die Welt zerf\u00e4llt? Dieser Frage stellt sich Brian McLaren in seinem Buch LIFE after DOOM Diese Frage ist f\u00fcr viele so bedrohlich, dass sie verdr\u00e4ngt wird. Der Umgang damit ist nicht einfach und wird bewusst durch den Autor begleitet. Am Ende eines jeden Kapitels gibt [&hellip;]<\/p>\n","protected":false},"author":2,"featured_media":0,"parent":477,"menu_order":0,"comment_status":"closed","ping_status":"closed","template":"","meta":{"activitypub_content_warning":"","activitypub_content_visibility":"","activitypub_max_image_attachments":3,"activitypub_interaction_policy_quote":"anyone","activitypub_status":"federated","footnotes":""},"class_list":["post-499","page","type-page","status-publish","hentry"],"_links":{"self":[{"href":"https:\/\/hgu2read.de\/interessen\/wp-json\/wp\/v2\/pages\/499","targetHints":{"allow":["GET"]}}],"collection":[{"href":"https:\/\/hgu2read.de\/interessen\/wp-json\/wp\/v2\/pages"}],"about":[{"href":"https:\/\/hgu2read.de\/interessen\/wp-json\/wp\/v2\/types\/page"}],"author":[{"embeddable":true,"href":"https:\/\/hgu2read.de\/interessen\/wp-json\/wp\/v2\/users\/2"}],"replies":[{"embeddable":true,"href":"https:\/\/hgu2read.de\/interessen\/wp-json\/wp\/v2\/comments?post=499"}],"version-history":[{"count":6,"href":"https:\/\/hgu2read.de\/interessen\/wp-json\/wp\/v2\/pages\/499\/revisions"}],"predecessor-version":[{"id":536,"href":"https:\/\/hgu2read.de\/interessen\/wp-json\/wp\/v2\/pages\/499\/revisions\/536"}],"up":[{"embeddable":true,"href":"https:\/\/hgu2read.de\/interessen\/wp-json\/wp\/v2\/pages\/477"}],"wp:attachment":[{"href":"https:\/\/hgu2read.de\/interessen\/wp-json\/wp\/v2\/media?parent=499"}],"curies":[{"name":"wp","href":"https:\/\/api.w.org\/{rel}","templated":true}]}}